{"id":1315,"date":"2024-07-16T05:02:57","date_gmt":"2024-07-16T05:02:57","guid":{"rendered":"https:\/\/amrswg.com\/%e0%b8%95%e0%b8%b4%e0%b8%94%e0%b8%95%e0%b9%88%e0%b8%ad%e0%b9%80%e0%b8%a3%e0%b8%b2\/"},"modified":"2025-03-26T09:32:07","modified_gmt":"2025-03-26T09:32:07","slug":"contact-us","status":"publish","type":"page","link":"https:\/\/amrswg.com\/th\/contact-us\/","title":{"rendered":"\u0e15\u0e34\u0e14\u0e15\u0e48\u0e2d\u0e40\u0e23\u0e32"},"content":{"rendered":"\t\t<div data-elementor-type=\"wp-page\" data-elementor-id=\"1315\" class=\"elementor elementor-1315 elementor-73\">\n\t\t\t\t\t\t<section class=\"elementor-section elementor-top-section elementor-element elementor-element-307c6d6 elementor-section-boxed elementor-section-height-default elementor-section-height-default\" data-id=\"307c6d6\" data-element_type=\"section\">\n\t\t\t\t\t\t<div class=\"elementor-container elementor-column-gap-default\">\n\t\t\t\t\t<div class=\"elementor-column elementor-col-100 elementor-top-column elementor-element elementor-element-3cbc52f\" data-id=\"3cbc52f\" data-element_type=\"column\">\n\t\t\t<div class=\"elementor-widget-wrap elementor-element-populated\">\n\t\t\t\t\t\t<div class=\"elementor-element elementor-element-dd02f3a elementor-widget elementor-widget-heading\" data-id=\"dd02f3a\" data-element_type=\"widget\" data-widget_type=\"heading.default\">\n\t\t\t\t<div class=\"elementor-widget-container\">\n\t\t\t\t\t<h3 class=\"elementor-heading-title elementor-size-default\">\u0e15\u0e34\u0e14\u0e15\u0e48\u0e2d\u0e40\u0e23\u0e32<\/h3>\t\t\t\t<\/div>\n\t\t\t\t<\/div>\n\t\t\t\t<div class=\"elementor-element elementor-element-1a63f1f elementor-widget elementor-widget-text-editor\" data-id=\"1a63f1f\" data-element_type=\"widget\" data-widget_type=\"text-editor.default\">\n\t\t\t\t<div class=\"elementor-widget-container\">\n\t\t\t\t\t\t\t\t\t<p>\u0110\u1ec3 li\u00ean l\u1ea1c v\u1edbi Nh\u00f3m c\u00f4ng t\u00e1c AMR&amp;S, vui l\u00f2ng \u0111i\u1ec1n v\u00e0o bi\u1ec3u m\u1eabu d\u01b0\u1edbi \u0111\u00e2y.<\/p>\t\t\t\t\t\t\t\t<\/div>\n\t\t\t\t<\/div>\n\t\t\t\t\t<\/div>\n\t\t<\/div>\n\t\t\t\t\t<\/div>\n\t\t<\/section>\n\t\t\t\t<section class=\"elementor-section elementor-top-section elementor-element elementor-element-eb4767b elementor-section-boxed elementor-section-height-default elementor-section-height-default\" data-id=\"eb4767b\" data-element_type=\"section\">\n\t\t\t\t\t\t<div class=\"elementor-container elementor-column-gap-default\">\n\t\t\t\t\t<div class=\"elementor-column elementor-col-100 elementor-top-column elementor-element elementor-element-f32984b\" data-id=\"f32984b\" data-element_type=\"column\">\n\t\t\t<div class=\"elementor-widget-wrap elementor-element-populated\">\n\t\t\t\t\t\t<div class=\"elementor-element elementor-element-45135eb elementor-widget elementor-widget-shortcode\" data-id=\"45135eb\" data-element_type=\"widget\" data-widget_type=\"shortcode.default\">\n\t\t\t\t<div class=\"elementor-widget-container\">\n\t\t\t\t\t\t\t<div class=\"elementor-shortcode\"><div><div class=\"row\"><div class=\"col-md-6\"><input type=\"text\" class=\"field\" placeholder=\"\u0e0a\u0e37\u0e48\u0e2d\u0e08\u0e23\u0e34\u0e07\" id=\"first_name\"><div class=\"error\" id=\"field1a\">\u0e08\u0e33\u0e40\u0e1b\u0e47\u0e19<\/div><\/div><div class=\"col-md-6\"><input type=\"text\" class=\"field\" placeholder=\"\u0e19\u0e32\u0e21\u0e2a\u0e01\u0e38\u0e25\" id=\"last_name\"><div class=\"error\" id=\"field2a\">\u0e08\u0e33\u0e40\u0e1b\u0e47\u0e19<\/div><\/div><div class=\"col-md-6\"><input type=\"text\" class=\"field\" placeholder=\"\u0e17\u0e35\u0e48\u0e2d\u0e22\u0e39\u0e48\u0e2d\u0e35\u0e40\u0e21\u0e25\u0e4c\" id=\"emaila\"><div class=\"error\" id=\"field3a\">\u0e08\u0e33\u0e40\u0e1b\u0e47\u0e19<\/div><\/div><div class=\"col-md-6\"><input type=\"text\" class=\"field\" placeholder=\"\u0e40\u0e1a\u0e2d\u0e23\u0e4c\u0e42\u0e17\u0e23\u0e28\u0e31\u0e1e\u0e17\u0e4c\" id=\"phone\"><div class=\"error\" id=\"field4a\">\u0e08\u0e33\u0e40\u0e1b\u0e47\u0e19<\/div><\/div><div class=\"col-md-12\"><textarea row=\"5\" class=\"field field2\" placeholder=\"\u0e02\u0e49\u0e2d\u0e04\u0e27\u0e32\u0e21\" id=\"message\"><\/textarea><div class=\"error\" id=\"field5a\">\u0e08\u0e33\u0e40\u0e1b\u0e47\u0e19<\/div><\/div><\/div><div class=\"row green\" align=\"center\"><div align=\"center\" class=\"col-md-12\"><input type=\"submit\" name=\"submit\" class=\"submit\" onclick=\"submit_contact();\" value=\"\u0e2a\u0e48\u0e07\">\n\t<div class=\"succ\" id=\"succ2\" align=\"center\">\u0e40\u0e23\u0e32\u0e44\u0e14\u0e49\u0e23\u0e31\u0e1a\u0e41\u0e1a\u0e1a\u0e1f\u0e2d\u0e23\u0e4c\u0e21\u0e02\u0e2d\u0e07\u0e04\u0e38\u0e13\u0e40\u0e23\u0e35\u0e22\u0e1a\u0e23\u0e49\u0e2d\u0e22\u0e41\u0e25\u0e49\u0e27 \u0e41\u0e25\u0e30\u0e40\u0e23\u0e32\u0e08\u0e30\u0e15\u0e2d\u0e1a\u0e01\u0e25\u0e31\u0e1a\u0e04\u0e38\u0e13\u0e20\u0e32\u0e22\u0e43\u0e19 3-5 \u0e27\u0e31\u0e19\u0e17\u0e33\u0e01\u0e32\u0e23<\/div>\n\t<\/div>\n\t<\/div><\/div><\/div>\n\t\t\t\t\t\t<\/div>\n\t\t\t\t<\/div>\n\t\t\t\t\t<\/div>\n\t\t<\/div>\n\t\t\t\t\t<\/div>\n\t\t<\/section>\n\t\t\t\t<\/div>\n\t\t","protected":false},"excerpt":{"rendered":"<p>\u0e15\u0e34\u0e14\u0e15\u0e48\u0e2d\u0e40\u0e23\u0e32 \u0110\u1ec3 li\u00ean l\u1ea1c v\u1edbi Nh\u00f3m c\u00f4ng t\u00e1c AMR&amp;S, vui &hellip; <a class=\"more-link\" href=\"https:\/\/amrswg.com\/th\/contact-us\/\">Continue reading <span class=\"screen-reader-text\">\u0e15\u0e34\u0e14\u0e15\u0e48\u0e2d\u0e40\u0e23\u0e32<\/span><\/a><\/p>\n","protected":false},"author":1,"featured_media":0,"parent":0,"menu_order":0,"comment_status":"closed","ping_status":"closed","template":"","meta":{"footnotes":""},"class_list":["post-1315","page","type-page","status-publish","hentry","entry"],"_links":{"self":[{"href":"https:\/\/amrswg.com\/th\/wp-json\/wp\/v2\/pages\/1315","targetHints":{"allow":["GET"]}}],"collection":[{"href":"https:\/\/amrswg.com\/th\/wp-json\/wp\/v2\/pages"}],"about":[{"href":"https:\/\/amrswg.com\/th\/wp-json\/wp\/v2\/types\/page"}],"author":[{"embeddable":true,"href":"https:\/\/amrswg.com\/th\/wp-json\/wp\/v2\/users\/1"}],"replies":[{"embeddable":true,"href":"https:\/\/amrswg.com\/th\/wp-json\/wp\/v2\/comments?post=1315"}],"version-history":[{"count":1,"href":"https:\/\/amrswg.com\/th\/wp-json\/wp\/v2\/pages\/1315\/revisions"}],"predecessor-version":[{"id":1316,"href":"https:\/\/amrswg.com\/th\/wp-json\/wp\/v2\/pages\/1315\/revisions\/1316"}],"wp:attachment":[{"href":"https:\/\/amrswg.com\/th\/wp-json\/wp\/v2\/media?parent=1315"}],"curies":[{"name":"wp","href":"https:\/\/api.w.org\/{rel}","templated":true}]}}