{"id":1303,"date":"2024-07-16T05:02:57","date_gmt":"2024-07-16T05:02:57","guid":{"rendered":"https:\/\/amrswg.com\/lien-he-voi-chung-toi\/"},"modified":"2025-03-27T02:19:37","modified_gmt":"2025-03-27T02:19:37","slug":"contact-us","status":"publish","type":"page","link":"https:\/\/amrswg.com\/vn\/contact-us\/","title":{"rendered":"Li\u00ean h\u1ec7 v\u1edbi ch\u00fang t\u00f4i"},"content":{"rendered":"\t\t<div data-elementor-type=\"wp-page\" data-elementor-id=\"1303\" class=\"elementor elementor-1303 elementor-73\">\n\t\t\t\t\t\t<section class=\"elementor-section elementor-top-section elementor-element elementor-element-307c6d6 elementor-section-boxed elementor-section-height-default elementor-section-height-default\" data-id=\"307c6d6\" data-element_type=\"section\">\n\t\t\t\t\t\t<div class=\"elementor-container elementor-column-gap-default\">\n\t\t\t\t\t<div class=\"elementor-column elementor-col-100 elementor-top-column elementor-element elementor-element-3cbc52f\" data-id=\"3cbc52f\" data-element_type=\"column\">\n\t\t\t<div class=\"elementor-widget-wrap elementor-element-populated\">\n\t\t\t\t\t\t<div class=\"elementor-element elementor-element-dd02f3a elementor-widget elementor-widget-heading\" data-id=\"dd02f3a\" data-element_type=\"widget\" data-widget_type=\"heading.default\">\n\t\t\t\t<div class=\"elementor-widget-container\">\n\t\t\t\t\t<h3 class=\"elementor-heading-title elementor-size-default\">Li\u00ean h\u1ec7 v\u1edbi ch\u00fang t\u00f4i<\/h3>\t\t\t\t<\/div>\n\t\t\t\t<\/div>\n\t\t\t\t<div class=\"elementor-element elementor-element-1a63f1f elementor-widget elementor-widget-text-editor\" data-id=\"1a63f1f\" data-element_type=\"widget\" data-widget_type=\"text-editor.default\">\n\t\t\t\t<div class=\"elementor-widget-container\">\n\t\t\t\t\t\t\t\t\t<p>\u0110\u1ec3 li\u00ean l\u1ea1c v\u1edbi Nh\u00f3m c\u00f4ng t\u00e1c AMR&amp;S, vui l\u00f2ng \u0111i\u1ec1n v\u00e0o bi\u1ec3u m\u1eabu d\u01b0\u1edbi \u0111\u00e2y.<\/p>\t\t\t\t\t\t\t\t<\/div>\n\t\t\t\t<\/div>\n\t\t\t\t\t<\/div>\n\t\t<\/div>\n\t\t\t\t\t<\/div>\n\t\t<\/section>\n\t\t\t\t<section class=\"elementor-section elementor-top-section elementor-element elementor-element-eb4767b elementor-section-boxed elementor-section-height-default elementor-section-height-default\" data-id=\"eb4767b\" data-element_type=\"section\">\n\t\t\t\t\t\t<div class=\"elementor-container elementor-column-gap-default\">\n\t\t\t\t\t<div class=\"elementor-column elementor-col-100 elementor-top-column elementor-element elementor-element-f32984b\" data-id=\"f32984b\" data-element_type=\"column\">\n\t\t\t<div class=\"elementor-widget-wrap elementor-element-populated\">\n\t\t\t\t\t\t<div class=\"elementor-element elementor-element-45135eb elementor-widget elementor-widget-shortcode\" data-id=\"45135eb\" data-element_type=\"widget\" data-widget_type=\"shortcode.default\">\n\t\t\t\t<div class=\"elementor-widget-container\">\n\t\t\t\t\t\t\t<div class=\"elementor-shortcode\"><div><div class=\"row\"><div class=\"col-md-6\"><input type=\"text\" class=\"field\" placeholder=\"T\u00ean \u0111\u1ea7u ti\u00ean\" id=\"first_name\"><div class=\"error\" id=\"field1a\">Th\u00f4ng tin b\u1eaft bu\u1ed9c<\/div><\/div><div class=\"col-md-6\"><input type=\"text\" class=\"field\" placeholder=\"H\u1ecd\" id=\"last_name\"><div class=\"error\" id=\"field2a\">Th\u00f4ng tin b\u1eaft bu\u1ed9c<\/div><\/div><div class=\"col-md-6\"><input type=\"text\" class=\"field\" placeholder=\"\u0110\u1ecba ch\u1ec9 email\" id=\"emaila\"><div class=\"error\" id=\"field3a\">Th\u00f4ng tin b\u1eaft bu\u1ed9c<\/div><\/div><div class=\"col-md-6\"><input type=\"text\" class=\"field\" placeholder=\"S\u1ed1 \u0111i\u1ec7n tho\u1ea1i\" id=\"phone\"><div class=\"error\" id=\"field4a\">Th\u00f4ng tin b\u1eaft bu\u1ed9c<\/div><\/div><div class=\"col-md-12\"><textarea row=\"5\" class=\"field field2\" placeholder=\"Tin nh\u1eafn\" id=\"message\"><\/textarea><div class=\"error\" id=\"field5a\">Th\u00f4ng tin b\u1eaft bu\u1ed9c<\/div><\/div><\/div><div class=\"row green\" align=\"center\"><div align=\"center\" class=\"col-md-12\"><input type=\"submit\" name=\"submit\" class=\"submit\" onclick=\"submit_contact();\" value=\"N\u1ed9p\">\n\t<div class=\"succ\" id=\"succ2\" align=\"center\">Ch\u00fang t\u00f4i \u0111\u00e3 nh\u1eadn \u0111\u01b0\u1ee3c th\u00f4ng tin do qu\u00fd v\u1ecb g\u1eedi v\u00e0 s\u1ebd ph\u1ea3n h\u1ed3i trong v\u00f2ng 3-5 ng\u00e0y l\u00e0m vi\u1ec7c.<\/div>\n\t<\/div>\n\t<\/div><\/div><\/div>\n\t\t\t\t\t\t<\/div>\n\t\t\t\t<\/div>\n\t\t\t\t\t<\/div>\n\t\t<\/div>\n\t\t\t\t\t<\/div>\n\t\t<\/section>\n\t\t\t\t<\/div>\n\t\t","protected":false},"excerpt":{"rendered":"<p>Li\u00ean h\u1ec7 v\u1edbi ch\u00fang t\u00f4i \u0110\u1ec3 li\u00ean l\u1ea1c v\u1edbi Nh\u00f3m c\u00f4ng t\u00e1c AMR&amp;S, vui l\u00f2ng \u0111i\u1ec1n v\u00e0o bi\u1ec3u m\u1eabu d\u01b0\u1edbi \u0111\u00e2y.<\/p>\n","protected":false},"author":1,"featured_media":0,"parent":0,"menu_order":0,"comment_status":"closed","ping_status":"closed","template":"","meta":{"footnotes":""},"class_list":["post-1303","page","type-page","status-publish","hentry","entry"],"_links":{"self":[{"href":"https:\/\/amrswg.com\/vn\/wp-json\/wp\/v2\/pages\/1303","targetHints":{"allow":["GET"]}}],"collection":[{"href":"https:\/\/amrswg.com\/vn\/wp-json\/wp\/v2\/pages"}],"about":[{"href":"https:\/\/amrswg.com\/vn\/wp-json\/wp\/v2\/types\/page"}],"author":[{"embeddable":true,"href":"https:\/\/amrswg.com\/vn\/wp-json\/wp\/v2\/users\/1"}],"replies":[{"embeddable":true,"href":"https:\/\/amrswg.com\/vn\/wp-json\/wp\/v2\/comments?post=1303"}],"version-history":[{"count":1,"href":"https:\/\/amrswg.com\/vn\/wp-json\/wp\/v2\/pages\/1303\/revisions"}],"predecessor-version":[{"id":1308,"href":"https:\/\/amrswg.com\/vn\/wp-json\/wp\/v2\/pages\/1303\/revisions\/1308"}],"wp:attachment":[{"href":"https:\/\/amrswg.com\/vn\/wp-json\/wp\/v2\/media?parent=1303"}],"curies":[{"name":"wp","href":"https:\/\/api.w.org\/{rel}","templated":true}]}}